{"id":2,"date":"2014-10-25T17:45:57","date_gmt":"2014-10-25T17:45:57","guid":{"rendered":"https:\/\/ehdokkaat.vihreat.fi\/minna.haavisto\/?page_id=2"},"modified":"2019-01-12T17:01:40","modified_gmt":"2019-01-12T15:01:40","slug":"esimerkkisivu","status":"publish","type":"page","link":"https:\/\/ehdokkaat.vihreat.fi\/minna.haavisto\/","title":{"rendered":"Etusivu"},"content":{"rendered":"<p>N\u00e4m\u00e4 ovat vanhat sivut, jotka on tehty vuoden 2015 eduskuntavaaleja varten. Uudemmat sivut l\u00f6ytyv\u00e4t osoitteesta <a href=\"http:\/\/minnahaavisto.fi\">minnahaavisto.fi<\/a><\/p>\n<p><a href=\"https:\/\/ehdokkaat.vihreat.fi\/minna.haavisto\/files\/2014\/10\/omakuva-281014.jpg\"><img loading=\"lazy\" decoding=\"async\" class=\"alignnone size-medium wp-image-15\" src=\"https:\/\/ehdokkaat.vihreat.fi\/minna.haavisto\/files\/2014\/10\/omakuva-281014-291x300.jpg\" alt=\"omakuva 281014\" width=\"291\" height=\"300\" srcset=\"https:\/\/ehdokkaat.vihreat.fi\/minna.haavisto\/files\/2014\/10\/omakuva-281014-291x300.jpg 291w, https:\/\/ehdokkaat.vihreat.fi\/minna.haavisto\/files\/2014\/10\/omakuva-281014-996x1024.jpg 996w\" sizes=\"auto, (max-width: 291px) 100vw, 291px\" \/><\/a><\/p>\n<p>Minna Haavisto on Vihreiden eduskuntavaaliehdokas Satakunnassa. H\u00e4n haluaa olla mukana rakentamassa kest\u00e4v\u00e4\u00e4 yhteiskuntaa.<\/p>\n<p>Teknologian voimakas kehittyminen luo yhteiskunnallemme l\u00e4hes rajattomat mahdollisuudet. Tulevaisuuden politiikassa p\u00e4\u00e4tet\u00e4\u00e4n mill\u00e4 ehdoilla sit\u00e4 hy\u00f6dynnet\u00e4\u00e4n. Tavoitteena tulee olla hyv\u00e4 el\u00e4m\u00e4 lapsenlapsillemme.<\/p>\n<p>&nbsp;<\/p>\n","protected":false},"excerpt":{"rendered":"<p>N\u00e4m\u00e4 ovat vanhat sivut, jotka on tehty vuoden 2015 eduskuntavaaleja varten. Uudemmat sivut l\u00f6ytyv\u00e4t osoitteesta minnahaavisto.fi Minna Haavisto on Vihreiden eduskuntavaaliehdokas Satakunnassa. H\u00e4n haluaa olla mukana rakentamassa kest\u00e4v\u00e4\u00e4 yhteiskuntaa. Teknologian voimakas kehittyminen luo yhteiskunnallemme l\u00e4hes rajattomat mahdollisuudet. Tulevaisuuden politiikassa p\u00e4\u00e4tet\u00e4\u00e4n mill\u00e4 ehdoilla sit\u00e4 hy\u00f6dynnet\u00e4\u00e4n. Tavoitteena tulee olla hyv\u00e4 el\u00e4m\u00e4 lapsenlapsillemme. &nbsp;<\/p>\n","protected":false},"author":535,"featured_media":0,"parent":0,"menu_order":0,"comment_status":"closed","ping_status":"closed","template":"","meta":{"_et_pb_use_builder":"","_et_pb_old_content":"","_et_gb_content_width":"","footnotes":""},"class_list":["post-2","page","type-page","status-publish","hentry"],"_links":{"self":[{"href":"https:\/\/ehdokkaat.vihreat.fi\/minna.haavisto\/wp-json\/wp\/v2\/pages\/2","targetHints":{"allow":["GET"]}}],"collection":[{"href":"https:\/\/ehdokkaat.vihreat.fi\/minna.haavisto\/wp-json\/wp\/v2\/pages"}],"about":[{"href":"https:\/\/ehdokkaat.vihreat.fi\/minna.haavisto\/wp-json\/wp\/v2\/types\/page"}],"author":[{"embeddable":true,"href":"https:\/\/ehdokkaat.vihreat.fi\/minna.haavisto\/wp-json\/wp\/v2\/users\/535"}],"replies":[{"embeddable":true,"href":"https:\/\/ehdokkaat.vihreat.fi\/minna.haavisto\/wp-json\/wp\/v2\/comments?post=2"}],"version-history":[{"count":10,"href":"https:\/\/ehdokkaat.vihreat.fi\/minna.haavisto\/wp-json\/wp\/v2\/pages\/2\/revisions"}],"predecessor-version":[{"id":26097,"href":"https:\/\/ehdokkaat.vihreat.fi\/minna.haavisto\/wp-json\/wp\/v2\/pages\/2\/revisions\/26097"}],"wp:attachment":[{"href":"https:\/\/ehdokkaat.vihreat.fi\/minna.haavisto\/wp-json\/wp\/v2\/media?parent=2"}],"curies":[{"name":"wp","href":"https:\/\/api.w.org\/{rel}","templated":true}]}}