{"id":7,"date":"2014-10-25T20:45:57","date_gmt":"2014-10-25T17:45:57","guid":{"rendered":"https:\/\/ehdokkaat.vihreat.fi\/minna.haavisto\/yhteystiedot\/"},"modified":"2014-11-02T11:34:28","modified_gmt":"2014-11-02T09:34:28","slug":"yhteystiedot","status":"publish","type":"page","link":"https:\/\/ehdokkaat.vihreat.fi\/minna.haavisto\/yhteystiedot\/","title":{"rendered":"Yhteystiedot"},"content":{"rendered":"<p>Minut tavoittaa s\u00e4hk\u00f6postilla osoitteesta minna.haavisto21(at)gmail.com (korvaa (at) merkill\u00e4 @) sek\u00e4 puhelimitse numerosta 044-2101720. My\u00f6s alla olevan kommentointikent\u00e4n kautta\u00a0voit laittaa palautetta.<\/p>\n","protected":false},"excerpt":{"rendered":"<p>Minut tavoittaa s\u00e4hk\u00f6postilla osoitteesta minna.haavisto21(at)gmail.com (korvaa (at) merkill\u00e4 @) sek\u00e4 puhelimitse numerosta 044-2101720. My\u00f6s alla olevan kommentointikent\u00e4n kautta\u00a0voit laittaa palautetta.<\/p>\n","protected":false},"author":1,"featured_media":0,"parent":0,"menu_order":0,"comment_status":"open","ping_status":"open","template":"","meta":{"_et_pb_use_builder":"","_et_pb_old_content":"","_et_gb_content_width":"","footnotes":""},"class_list":["post-7","page","type-page","status-publish","hentry"],"_links":{"self":[{"href":"https:\/\/ehdokkaat.vihreat.fi\/minna.haavisto\/wp-json\/wp\/v2\/pages\/7","targetHints":{"allow":["GET"]}}],"collection":[{"href":"https:\/\/ehdokkaat.vihreat.fi\/minna.haavisto\/wp-json\/wp\/v2\/pages"}],"about":[{"href":"https:\/\/ehdokkaat.vihreat.fi\/minna.haavisto\/wp-json\/wp\/v2\/types\/page"}],"author":[{"embeddable":true,"href":"https:\/\/ehdokkaat.vihreat.fi\/minna.haavisto\/wp-json\/wp\/v2\/users\/1"}],"replies":[{"embeddable":true,"href":"https:\/\/ehdokkaat.vihreat.fi\/minna.haavisto\/wp-json\/wp\/v2\/comments?post=7"}],"version-history":[{"count":3,"href":"https:\/\/ehdokkaat.vihreat.fi\/minna.haavisto\/wp-json\/wp\/v2\/pages\/7\/revisions"}],"predecessor-version":[{"id":41,"href":"https:\/\/ehdokkaat.vihreat.fi\/minna.haavisto\/wp-json\/wp\/v2\/pages\/7\/revisions\/41"}],"wp:attachment":[{"href":"https:\/\/ehdokkaat.vihreat.fi\/minna.haavisto\/wp-json\/wp\/v2\/media?parent=7"}],"curies":[{"name":"wp","href":"https:\/\/api.w.org\/{rel}","templated":true}]}}